{"id":2984,"date":"2026-03-24T11:59:18","date_gmt":"2026-03-24T11:59:18","guid":{"rendered":"https:\/\/nut.secture-test.com\/?page_id=2984"},"modified":"2026-03-24T12:18:44","modified_gmt":"2026-03-24T12:18:44","slug":"politica-de-privacidad","status":"publish","type":"page","link":"https:\/\/nut.secture-test.com\/eu\/politica-de-privacidad\/","title":{"rendered":"Pol\u00edtica de Privacidad"},"content":{"rendered":"\t\t<div data-elementor-type=\"wp-page\" data-elementor-id=\"2984\" class=\"elementor elementor-2984\" data-elementor-post-type=\"page\">\n\t\t\t\t<div class=\"elementor-element elementor-element-afd7f1a e-flex e-con-boxed e-con e-parent\" data-id=\"afd7f1a\" data-element_type=\"container\" data-e-type=\"container\" data-settings=\"{&quot;background_background&quot;:&quot;classic&quot;,&quot;shape_divider_top&quot;:&quot;tilt&quot;,&quot;shape_divider_bottom&quot;:&quot;tilt&quot;,&quot;jet_parallax_layout_list&quot;:[]}\">\n\t\t\t\t\t<div class=\"e-con-inner\">\n\t\t\t\t<div class=\"elementor-shape elementor-shape-top\" aria-hidden=\"true\" data-negative=\"false\">\n\t\t\t<svg xmlns=\"http:\/\/www.w3.org\/2000\/svg\" viewBox=\"0 0 1000 100\" preserveAspectRatio=\"none\">\n\t<path class=\"elementor-shape-fill\" d=\"M0,6V0h1000v100L0,6z\"\/>\n<\/svg>\t\t<\/div>\n\t\t\t\t<div class=\"elementor-shape elementor-shape-bottom\" aria-hidden=\"true\" data-negative=\"false\">\n\t\t\t<svg xmlns=\"http:\/\/www.w3.org\/2000\/svg\" viewBox=\"0 0 1000 100\" preserveAspectRatio=\"none\">\n\t<path class=\"elementor-shape-fill\" d=\"M0,6V0h1000v100L0,6z\"\/>\n<\/svg>\t\t<\/div>\n\t\t<div class=\"elementor-element elementor-element-8c7acdb e-con-full e-flex e-con e-child\" data-id=\"8c7acdb\" data-element_type=\"container\" data-e-type=\"container\" data-settings=\"{&quot;jet_parallax_layout_list&quot;:[]}\">\n\t\t<div class=\"elementor-element elementor-element-821b1cc e-con-full e-flex e-con e-child\" data-id=\"821b1cc\" data-element_type=\"container\" data-e-type=\"container\" data-settings=\"{&quot;jet_parallax_layout_list&quot;:[],&quot;sticky&quot;:&quot;top&quot;,&quot;sticky_parent&quot;:&quot;yes&quot;,&quot;sticky_on&quot;:[&quot;desktop&quot;,&quot;tablet&quot;,&quot;mobile&quot;],&quot;sticky_offset&quot;:0,&quot;sticky_effects_offset&quot;:0,&quot;sticky_anchor_link_offset&quot;:0}\">\n\t\t\t\t<div class=\"elementor-element elementor-element-e8e8381 elementor-widget__width-initial elementor-widget elementor-widget-heading\" data-id=\"e8e8381\" data-element_type=\"widget\" data-e-type=\"widget\" data-settings=\"{&quot;sticky&quot;:&quot;top&quot;,&quot;sticky_parent&quot;:&quot;yes&quot;,&quot;sticky_on&quot;:[&quot;desktop&quot;,&quot;tablet&quot;,&quot;mobile&quot;],&quot;sticky_offset&quot;:0,&quot;sticky_effects_offset&quot;:0,&quot;sticky_anchor_link_offset&quot;:0}\" data-widget_type=\"heading.default\">\n\t\t\t\t\t<h2 class=\"elementor-heading-title elementor-size-default\">Pol\u00edtica de Privacidad\n<\/h2>\t\t\t\t<\/div>\n\t\t\t\t<div class=\"elementor-element elementor-element-df11f8e elementor-widget__width-initial elementor-widget elementor-widget-text-editor\" data-id=\"df11f8e\" data-element_type=\"widget\" data-e-type=\"widget\" data-widget_type=\"text-editor.default\">\n\t\t\t\t\t\t\t\t\t<p>Estamos interesados en garantizar que el tratamiento de los datos personales de los usuarios se lleve a cabo manera transparente y segura, de forma que nuestros usuarios sepan en todo momento c\u00f3mo tratamos sus datos personales y c\u00f3mo pueden ejercitar sus derechos y libertades.<\/p><p>Al navegar por el sitio web nutrition.athletic-club.eus (en adelante, el \u201cSitio Web\u201d), o al acceder, solicitar informaci\u00f3n o cumplimentar alguno de sus formularios o comprar o suscribirse a alguno de los productos ofrecidos a trav\u00e9s del Sitio Web, se recaban datos personales como usuario (el\/los \u201cUsuario(s)\u201d de conformidad con esta pol\u00edtica de privacidad (la \u201cPol\u00edtica de Privacidad\u201d) y cualquier otra que la sustituya en el futuro.<\/p><p>Todo aquel Usuario que no est\u00e9 conforme con la Pol\u00edtica de Privacidad o el Aviso Legal deber\u00e1 abstenerse de acceder, solicitar informaci\u00f3n o contratar alguno de los productos o servicios ofrecidos en el Sitio Web.<\/p><p>\u00a0<\/p><h4 class=\"\">1. Responsable de tratamiento<\/h4><p>Atendiendo al art\u00edculo 26 del REGLAMENTO (UE) 2016\/679 DEL PARLAMENTO EUROPEO Y DEL CONSEJO de 27 de abril de 2016 relativo a la protecci\u00f3n de las personas f\u00edsicas en lo que respecta al tratamiento de datos personales y a la libre circulaci\u00f3n de estos datos y por el que se deroga la Directiva 95\/46\/CE (RGPD) se ha acordado de manera transparente un acuerdo de corresponsabilidad.<\/p><p>Si bien el usuario puede acceder a los aspectos esenciales del acuerdo de corresponsabilidad, solicit\u00e1ndolo a trav\u00e9s de la direcci\u00f3n rgpd@lipiwell.com, como punto base y esencial el ATHLETIC CLUB No accede, en ning\u00fan caso, a Datos necesarios para la elaboraci\u00f3n del Servicio(seg\u00fan se define m\u00e1s adelante).<\/p><p>Responsables:<\/p><p>LIPIWELL S.L, con c\u00f3digo de identificaci\u00f3n fiscal B55405674, inscrita en el Registro mercantil de Bizkaia S 8, H BI 82964, y domicilio social en Astondo Bidea Edificio 609-48160 Derio (Bizkaia).<\/p><p>ATHLETIC CLUB, con domicilio social en Bilbao, Alameda Mazarredo 23, 48009 Bilbao Palacio Ibaigane, con N.I.F. G-48\/074.264, inscrito en el Registro de Asociaciones Deportivas con el n\u00ba CD0000617.<\/p><p>\u00a0<\/p><h4 class=\"\">2. \u00bfQu\u00e9 datos personales tratamos?<\/h4><p>Se recopila y trata distinta informaci\u00f3n de los Usuarios que puede constituir, en muchas ocasiones, datos personales de los Usuarios. Los datos personales tratados son directamente proporcionados por el Usuario o sus representantes legales, mediante llamada al centro de atenci\u00f3n telef\u00f3nica, mediante la presencia del interesado en el centro f\u00edsico de LIPIWELL o al navegar por el Sitio Web, o al acceder, solicitar informaci\u00f3n o cumplimentar alguno de sus formularios o comprar o suscribirse a alguno de los productos ofrecidos a trav\u00e9s del Sitio Web. Los datos personales recabados a trav\u00e9s de la p\u00e1gina web se recaban a trav\u00e9s del formulario habilitado o bien mediante la direcci\u00f3n de correo electr\u00f3nico habilitados para establecer contacto.<\/p><p>En el caso de que los datos aportados pertenezcan a un tercero, al aportarlos se garantiza que la persona que introduce los datos tiene autorizaci\u00f3n para realizar tal acci\u00f3n y que el tercero esta informado de la presente Pol\u00edtica de Privacidad.<\/p><p>Concretamente, los datos personales que podr\u00e1n ser tratados consisten en:<\/p><ul><li>Datos identificativos y de contacto de los Usuarios, incluyendo su nombre y apellidos, direcci\u00f3n postal, tel\u00e9fono y correo electr\u00f3nico.<\/li><li>Datos de contacto y comunicaci\u00f3n: Informaci\u00f3n para mantener la comunicaci\u00f3n con el Usuario, como direcciones de correo electr\u00f3nico y n\u00fameros de tel\u00e9fono.<\/li><li>Datos financieros\/ contractuales: que puedan facilitarnos los Usuarios al efectuar compras o suscripciones a productos a trav\u00e9s del Sitio Web, incluyendo datos personales relativos a la tramitaci\u00f3n y gesti\u00f3n de la compra, domicilio personal, informaci\u00f3n relacionada con los pagos y facturaci\u00f3n, como detalles de tarjetas de cr\u00e9dito o cuentas bancarias.<\/li><li>Datos de comportamiento: Informaci\u00f3n sobre el uso de servicios, participaci\u00f3n en programas contratados, respuestas a encuestas y retroalimentaci\u00f3n<\/li><li>Datos necesarios para la elaboraci\u00f3n del servicio: datos sobre la condici\u00f3n f\u00edsica del usuario y sus h\u00e1bitos (peso, altura, edad, h\u00e1bitos alimenticios, rutinas de entrenamiento, h\u00e1bitos de ejercicio, nivel de actividad f\u00edsica, consumo de suplementos, preferencias diet\u00e9ticas etc.)<\/li><\/ul><div>\u00a0<\/div><p>Recordamos que los Usuarios son responsables de que los datos personales que proporcionen sean ciertos y exactos, y se comprometen a notificar cualquier cambio o modificaci\u00f3n. Cualquier p\u00e9rdida o da\u00f1o causado al Sitio Web, a los responsables o a cualquier tercero mediante la comunicaci\u00f3n de informaci\u00f3n err\u00f3nea, inexacta o incompleta, ser\u00e1 responsabilidad del Usuario.<\/p><p>Las categor\u00edas de datos que tratamos pueden ser, en funci\u00f3n de cada caso concreto: Datos identificativos, circunstancias sociales, transacciones de bienes y servicios, e incluso datos recogidos en el RGPD como categor\u00edas especiales de datos personales.<\/p><p>En caso de no suministrar los datos considerados como necesarios, puede que no resulte posible proceder a la solicitud de informaci\u00f3n, a la compra de los productos o servicios ofrecidos en nuestro Sitio Web o, en general, a la gesti\u00f3n de peticiones pretendidas por el Usuario.<\/p><p>\u00a0<\/p><h4 class=\"\">3.Finalidades y bases que legitima el tratamiento<\/h4><ul><li>Prestaci\u00f3n del Servicio contratado: La recogida de datos se realiza para la ejecuci\u00f3n de medidas pre-contractuales y del posterior contrato, esto es, para las finalidades de gesti\u00f3n y tramitaci\u00f3n de la contrataci\u00f3n.<\/li><li>Evaluaci\u00f3n y Necesidades: La recopilaci\u00f3n de datos personales se realiza con el prop\u00f3sito de evaluar los h\u00e1bitos alimenticios y el estilo de vida del Usuario, con el fin de dise\u00f1ar planes personalizados que se ajusten a sus necesidades espec\u00edficas.<\/li><li>Seguimiento y Monitoreo: Los datos personales se utilizan para llevar a cabo un seguimiento continuo del progreso del Usuario, permitiendo as\u00ed ajustar los planes conforme a los resultados obtenidos y las necesidades cambiantes del usuario.<\/li><li>Comunicaci\u00f3n y Asesoramiento: La informaci\u00f3n de contacto del Usuario se emplea para mantener una comunicaci\u00f3n regular, proporcionando asesoramiento, resolviendo dudas y ofreciendo apoyo continuo en relaci\u00f3n con los servicios.<\/li><li>Cumplimiento de Obligaciones Legales: Los datos personales se tratan para cumplir con las obligaciones legales y regulatorias aplicables.<\/li><li>Comunicaci\u00f3n Comercial: siempre que se haya consentido, remitirle por diferentes medios, comunicaciones comerciales y publicitarias respecto de productos, servicios, ofertas, promociones y cualesquiera otras informaciones relevantes. De acuerdo con la normativa aplicable, los responsables del tratamiento tambi\u00e9n consultar\u00e1n listados de exclusi\u00f3n publicitaria (como la Lista Robinson y la lista STOP PUBLICIDAD de la Agencia Espa\u00f1ola de Protecci\u00f3n de datos).<\/li><\/ul><div>\u00a0<\/div><p>El tratamiento se realiza en base a) al consentimiento explicito, libre, espec\u00edfico, informado e inequ\u00edvoco, del usuario; b) a las necesidades de ejecuci\u00f3n del servicio solicitado c) cumplimiento de obligaciones legales.<\/p><p>Cuando el tratamiento se base en el consentimiento, el interesado podr\u00e1 revocarlo seg\u00fan lo recogido en esta pol\u00edtica.<\/p><p>\u00a0<\/p><h4 class=\"\">4. Decisiones automatizadas.<\/h4><p>No se tomar\u00e1 decisiones automatizadas basadas \u00fanicamente en el tratamiento automatizado de los datos personales del Usuario, sin intervenci\u00f3n humana y que produzcan efectos jur\u00eddicos o afecten a los Usuarios significativamente, que puedan entrar dentro de los supuestos previstos en el art\u00edculo 22 del Reglamento 2016\/679, de 27 de abril de 2016, relativo a la protecci\u00f3n de las personas f\u00edsicas en lo que respecta al tratamiento de datos personales y a la libre circulaci\u00f3n de estos datos, as\u00ed como la normativa que lo complemente o sustituya. Tampoco llevar\u00e1 a cabo elaboraciones de perfiles complejos o autom\u00e1ticos. Cualquier decisi\u00f3n automatizada o elaboraci\u00f3n compleja de perfiles estar\u00e1n sujetas al consentimiento expl\u00edcito, expreso y separado del Usuario.<\/p><p>\u00a0<\/p><h4 class=\"\">5. \u00bfDurante cu\u00e1nto tiempo tratamos y conservamos los datos personales del Usuario?<\/h4><p>No se almacenar\u00e1n los datos personales del Usuario por un plazo m\u00e1s amplio del necesario para cumplir con las finalidades antes indicadas.<\/p><p>Posteriormente, sus datos ser\u00e1n conservados durante los plazos legales que en cada caso resulten de aplicaci\u00f3n, teniendo en cuenta la tipolog\u00eda de datos, as\u00ed como la finalidad del tratamiento. Por otro lado, una vez cumplidas las finalidades, se conservar\u00e1 los datos personales debidamente bloqueados, en la medida en que puedan derivarse responsabilidades o de cualquier otra forma lo requiera la normativa aplicable.<\/p><p>\u00a0<\/p><h4 class=\"\">6. \u00bfQui\u00e9nes pueden acceder a los datos personales del Usuario?<\/h4><p>Los datos personales podr\u00e1n ser comunicados a los siguientes terceros:<\/p><p>&#8211; A Organismos, Autoridades y Administraciones P\u00fablicas con el fin de cumplir con las obligaciones legales y tributarias.<\/p><p>&#8211; A terceros a los que sea necesario recurrir para la prestaci\u00f3n de servicios. Estos ser\u00e1n Encargados del Tratamiento firm\u00e1ndose los correspondientes contratos de tratamiento de datos.<\/p><p>En aquellos casos en los que se recurra a terceros para la prestaci\u00f3n de servicios ubicados fuera del Espacio Econ\u00f3mico Europeo,se implementar\u00e1 con dichos proveedores de servicios las salvaguardas y garant\u00edas necesarias, de conformidad con la normativa aplicable en cada momento, de forma previa a efectuar la transferencia internacional de datos (como la comprobaci\u00f3n de la existencia de decisiones de adecuaci\u00f3n, suscripci\u00f3n de cl\u00e1usulas contractuales tipo y la realizaci\u00f3n de an\u00e1lisis de riesgos\/impacto de la transferencia).<\/p><p>Se puede solicitar una copia de estas salvaguardas y garant\u00edas en cualquiera de las direcciones indicadas en esta Pol\u00edtica de Privacidad.<\/p><p>\u00a0<\/p><h4 class=\"\">7. Transferencias internacionales de datos<\/h4><p>No est\u00e1 prevista la realizaci\u00f3n de cualesquiera transferencias internacionales de datos.<\/p><p>En caso de que los datos personales puedan ser transferidos y\/o tratados en pa\u00edses fuera del Espacio Econ\u00f3mico Europeo se aplicar\u00e1n las garant\u00edas adecuadas para proteger los mismos, de acuerdo con lo establecido en el (RGPD).<\/p><p>\u00a0<\/p><h4 class=\"\">8. Medidas de seguridad<\/h4><p>Se adoptar\u00e1n las medidas de car\u00e1cter t\u00e9cnico y organizativo necesarias para garantizar la confidencialidad, integridad y seguridad de los datos personales, y evitar su p\u00e9rdida, alteraci\u00f3n, tratamiento o acceso no autorizado, habida cuenta del estado de la tecnolog\u00eda y la naturaleza de los datos almacenados. Asimismo, se controlar\u00e1 peri\u00f3dicamente sus sistemas para detectar posibles vulnerabilidades y ataques.<\/p><p>No obstante, los Usuarios son conscientes de que la seguridad en Internet no es inexpugnable y de que no existe ninguna garant\u00eda de que no se pueda acceder, divulgar, alterar o destruir los datos personales si se produce una filtraci\u00f3n en alguna de las medidas de seguridad instaladas.<\/p><p>\u00a0<\/p><h4 class=\"\">9. \u00bfQu\u00e9 derechos pueden ejercitar los Usuarios?<\/h4><p>De conformidad con la legislaci\u00f3n aplicable en cada momento, el Usuario podr\u00e1 solicitar el ejercicio de sus derechos de acceso a los datos personales, rectificaci\u00f3n o supresi\u00f3n, limitaci\u00f3n de su tratamiento, oposici\u00f3n al tratamiento, as\u00ed como el derecho a la portabilidad de sus datos, as\u00ed como retirar el consentimiento prestado. En particular, los derechos que asisten a los Usuarios son los siguientes:<\/p><p><strong>Acceso a los datos.<\/strong>\u00a0El Usuario puede solicitar el acceso a sus datos personales y al tratamiento que se est\u00e1 realizando en cualquier momento, junto con una copia de la informaci\u00f3n tratada.<\/p><p><strong>Rectificaci\u00f3n de los datos.<\/strong>\u00a0El Usuario puede solicitar la modificaci\u00f3n de sus datos personales cuando estos sean inexactos o incompletos.<\/p><p><strong>Supresi\u00f3n de los datos.<\/strong>\u00a0El Usuario puede solicitar la eliminaci\u00f3n de sus datos personales si: (i) ya no son necesarios para los fines para los que fueron recogidos o tratados de otro modo, (ii) si retira su consentimiento, (iii) cuando entienda que han sido tratados il\u00edcitamente o (iv) de otra forma sea legalmente establecido.<\/p><p><strong>Limitaci\u00f3n del tratamiento.<\/strong>\u00a0El Usuario puede solicitar la limitaci\u00f3n del tratamiento de sus datos personales en particular, mientras impugna la exactitud de sus datos personales, cuando entienda que el tratamiento es il\u00edcito, cuando sus datos personales ya no sean necesarios para las finalidades para las cuales fueron recabados, pero s\u00ed para la formulaci\u00f3n, ejercicio o defensa de reclamaciones, o en caso de oposici\u00f3n mientras verificamos la aplicabilidad de su derecho.<\/p><p><strong>Oposici\u00f3n al tratamiento.<\/strong>\u00a0El Usuario puede oponerse al tratamiento de sus datos personales, por motivos relacionados con su situaci\u00f3n particular, cuando sus datos personales son objeto de tratamiento con base en el inter\u00e9s leg\u00edtimo, incluida la elaboraci\u00f3n de perfiles. En tal caso, los responsables estar\u00e1n obligados a dejar de tratar sus datos personales, salvo que existan motivos leg\u00edtimos que prevalezcan o sus datos personales sean necesarios para la formulaci\u00f3n, ejercicio o defensa de reclamaciones.<\/p><p><strong>Portabilidad.<\/strong>\u00a0El Usuario puede solicitar la recepci\u00f3n de sus datos personales en un formato estructurado, de uso com\u00fan y lectura mec\u00e1nica, y su transmisi\u00f3n a otro responsable del tratamiento, cuando el tratamiento de sus datos personales se base en el consentimiento o en la ejecuci\u00f3n de un contrato y el tratamiento se realice por medios automatizados.<\/p><p><strong>Retirada del consentimiento.<\/strong>\u00a0El Usuario puede tambi\u00e9n retirar el consentimiento prestado en cualquier momento (por ejemplo, a la recepci\u00f3n de comunicaciones comerciales prevista en esta Pol\u00edtica de Privacidad). La retirada del consentimiento no afectar\u00e1 a la licitud del tratamiento basada en el consentimiento previo a su retirada.<\/p><p>El Usuario podr\u00e1 ejercitar estos derechos, en cualquier momento, mediante comunicaci\u00f3n en la que identifique con claridad el derecho que est\u00e1 ejercitando, por correo postal a las direcciones de las responsables indicadas en esta Pol\u00edtica de Privacidad o a trav\u00e9s de la\/s direcci\u00f3n\/es recogidas en el p\u00e1rrafo anterior o en los correos electr\u00f3nicos rgpd@lipiwell.com y\/o rgpd@athletic-club.eus.<\/p><p>En caso de resultar necesario para la identificaci\u00f3n inequ\u00edvoca del Usuario, se podr\u00e1 solicitarle una copia de su DNI, pasaporte u otro documento v\u00e1lido que lo identifique.<\/p><p>En cualquier caso, los Usuarios podr\u00e1n tambi\u00e9n presentar una reclamaci\u00f3n ante la autoridad de control competente que, en el caso de Espa\u00f1a, es la Agencia Espa\u00f1ola de Protecci\u00f3n de Datos (www.aepd.es).<\/p><p>\u00a0<\/p><h4 class=\"\">10. Cambios en la Pol\u00edtica de Privacidad.<\/h4><p>Esta Pol\u00edtica de Privacidad podr\u00e1 ser modificada como consecuencia de la realizaci\u00f3n de nuevos tratamientos sobre los datos personales, o la modificaci\u00f3n de los existentes, as\u00ed como en funci\u00f3n de nuevas exigencias legislativas, reglamentarias, por motivos de seguridad o con la finalidad de adaptar dicha pol\u00edtica a las instrucciones de las autoridades de control en materia de protecci\u00f3n de datos o a nuevos procesos.<\/p><p>Siempre que se produzcan cambios significativos en esta Pol\u00edtica de Privacidad, se informar\u00e1 debidamente a los Usuarios a trav\u00e9s del Sitio Web para ofrecerles la posibilidad de revisar los cambios y, en caso de resultar necesario, aceptarlos antes de que se hagan efectivos.<\/p>\t\t\t\t\t\t\t\t<\/div>\n\t\t\t\t<\/div>\n\t\t\t\t<\/div>\n\t\t\t\t\t<\/div>\n\t\t\t\t<\/div>\n\t\t\t\t<\/div>\n\t\t","protected":false},"excerpt":{"rendered":"<p>Pol\u00edtica de Privacidad Estamos interesados en garantizar que el tratamiento de los datos personales de los usuarios se lleve a cabo manera transparente y segura, de forma que nuestros usuarios sepan en todo momento c\u00f3mo tratamos sus datos personales y c\u00f3mo pueden ejercitar sus derechos y libertades. Al navegar por el sitio web nutrition.athletic-club.eus (en [&hellip;]<\/p>\n","protected":false},"author":1,"featured_media":0,"parent":0,"menu_order":0,"comment_status":"closed","ping_status":"closed","template":"","meta":{"footnotes":""},"class_list":["post-2984","page","type-page","status-publish","hentry"],"_links":{"self":[{"href":"https:\/\/nut.secture-test.com\/eu\/wp-json\/wp\/v2\/pages\/2984","targetHints":{"allow":["GET"]}}],"collection":[{"href":"https:\/\/nut.secture-test.com\/eu\/wp-json\/wp\/v2\/pages"}],"about":[{"href":"https:\/\/nut.secture-test.com\/eu\/wp-json\/wp\/v2\/types\/page"}],"author":[{"embeddable":true,"href":"https:\/\/nut.secture-test.com\/eu\/wp-json\/wp\/v2\/users\/1"}],"replies":[{"embeddable":true,"href":"https:\/\/nut.secture-test.com\/eu\/wp-json\/wp\/v2\/comments?post=2984"}],"version-history":[{"count":13,"href":"https:\/\/nut.secture-test.com\/eu\/wp-json\/wp\/v2\/pages\/2984\/revisions"}],"predecessor-version":[{"id":3030,"href":"https:\/\/nut.secture-test.com\/eu\/wp-json\/wp\/v2\/pages\/2984\/revisions\/3030"}],"wp:attachment":[{"href":"https:\/\/nut.secture-test.com\/eu\/wp-json\/wp\/v2\/media?parent=2984"}],"curies":[{"name":"wp","href":"https:\/\/api.w.org\/{rel}","templated":true}]}}