{"id":2979,"date":"2026-03-24T11:57:40","date_gmt":"2026-03-24T11:57:40","guid":{"rendered":"https:\/\/nut.secture-test.com\/?page_id=2979"},"modified":"2026-03-24T12:18:52","modified_gmt":"2026-03-24T12:18:52","slug":"politica-de-cookies","status":"publish","type":"page","link":"https:\/\/nut.secture-test.com\/eu\/politica-de-cookies\/","title":{"rendered":"Pol\u00edtica de Cookies"},"content":{"rendered":"\t\t<div data-elementor-type=\"wp-page\" data-elementor-id=\"2979\" class=\"elementor elementor-2979\" data-elementor-post-type=\"page\">\n\t\t\t\t<div class=\"elementor-element elementor-element-6a90fe0 e-flex e-con-boxed e-con e-parent\" data-id=\"6a90fe0\" data-element_type=\"container\" data-e-type=\"container\" data-settings=\"{&quot;background_background&quot;:&quot;classic&quot;,&quot;shape_divider_top&quot;:&quot;tilt&quot;,&quot;shape_divider_bottom&quot;:&quot;tilt&quot;,&quot;jet_parallax_layout_list&quot;:[]}\">\n\t\t\t\t\t<div class=\"e-con-inner\">\n\t\t\t\t<div class=\"elementor-shape elementor-shape-top\" aria-hidden=\"true\" data-negative=\"false\">\n\t\t\t<svg xmlns=\"http:\/\/www.w3.org\/2000\/svg\" viewBox=\"0 0 1000 100\" preserveAspectRatio=\"none\">\n\t<path class=\"elementor-shape-fill\" d=\"M0,6V0h1000v100L0,6z\"\/>\n<\/svg>\t\t<\/div>\n\t\t\t\t<div class=\"elementor-shape elementor-shape-bottom\" aria-hidden=\"true\" data-negative=\"false\">\n\t\t\t<svg xmlns=\"http:\/\/www.w3.org\/2000\/svg\" viewBox=\"0 0 1000 100\" preserveAspectRatio=\"none\">\n\t<path class=\"elementor-shape-fill\" d=\"M0,6V0h1000v100L0,6z\"\/>\n<\/svg>\t\t<\/div>\n\t\t<div class=\"elementor-element elementor-element-7a9d88f e-con-full e-flex e-con e-child\" data-id=\"7a9d88f\" data-element_type=\"container\" data-e-type=\"container\" data-settings=\"{&quot;jet_parallax_layout_list&quot;:[]}\">\n\t\t<div class=\"elementor-element elementor-element-0177f06 e-con-full e-flex e-con e-child\" data-id=\"0177f06\" data-element_type=\"container\" data-e-type=\"container\" data-settings=\"{&quot;jet_parallax_layout_list&quot;:[],&quot;sticky&quot;:&quot;top&quot;,&quot;sticky_parent&quot;:&quot;yes&quot;,&quot;sticky_on&quot;:[&quot;desktop&quot;,&quot;tablet&quot;,&quot;mobile&quot;],&quot;sticky_offset&quot;:0,&quot;sticky_effects_offset&quot;:0,&quot;sticky_anchor_link_offset&quot;:0}\">\n\t\t\t\t<div class=\"elementor-element elementor-element-25068ac elementor-widget__width-initial elementor-widget elementor-widget-heading\" data-id=\"25068ac\" data-element_type=\"widget\" data-e-type=\"widget\" data-settings=\"{&quot;sticky&quot;:&quot;top&quot;,&quot;sticky_parent&quot;:&quot;yes&quot;,&quot;sticky_on&quot;:[&quot;desktop&quot;,&quot;tablet&quot;,&quot;mobile&quot;],&quot;sticky_offset&quot;:0,&quot;sticky_effects_offset&quot;:0,&quot;sticky_anchor_link_offset&quot;:0}\" data-widget_type=\"heading.default\">\n\t\t\t\t\t<h2 class=\"elementor-heading-title elementor-size-default\">Pol\u00edtica de Cookies<\/h2>\t\t\t\t<\/div>\n\t\t\t\t<div class=\"elementor-element elementor-element-76f8aca elementor-widget__width-initial elementor-widget elementor-widget-text-editor\" data-id=\"76f8aca\" data-element_type=\"widget\" data-e-type=\"widget\" data-widget_type=\"text-editor.default\">\n\t\t\t\t\t\t\t\t\t<p>Las cookies son peque\u00f1os archivos que normalmente contienen letras y n\u00fameros y que se descargan en un dispositivo cada vez que los usuarios acceden a un sitio web. Se utilizan de forma extensiva con el objetivo de conseguir que los sitios web funcionen con mayor eficacia. Las cookies se crean cada vez que el explorador de un usuario carga un sitio web determinado. El sitio web env\u00eda la informaci\u00f3n al explorador, el cual crea un archivo de texto. Cada vez que el usuario vuelve a visitar el mismo sitio web, el explorador recupera el archivo y lo env\u00eda al servidor del sitio web. Las cookies tienen diversas funciones entre las que se incluyen, entre otras, recoger informaci\u00f3n sobre las preferencias del usuario y recordarla, utilizar el carro de compra y, en general, facilitar el uso del sitio web al usuario.<\/p><p>Utilizamos las cookies para llevar a cabo determinadas funciones, entre ellas:<\/p><ul><li>Facilitar la navegaci\u00f3n en el sitio web y el uso de sus funciones para ofrecer una experiencia perfecta.<\/li><li>Mejorar el sitio web.<\/li><li>Ofrecer funciones de exploraci\u00f3n personalizadas en el sitio web.<\/li><li>Proporcionar anuncios personalizados.<\/li><li>Recopilar informaci\u00f3n sobre el uso del sitio web para que podamos ofrecer una experiencia mejor mediante la evaluaci\u00f3n de los \u00e1mbitos de mayor inter\u00e9s del usuario o para recordar sus datos cada vez que nos visite.<\/li><\/ul><p>A continuaci\u00f3n le detallamos los tipos de cookies:<\/p><p>\u00a0<\/p><h4>Tipo 1: Cookies estrictamente necesarias<\/h4><p>Estas cookies son necesarias para que los usuarios puedan explorar el sitio web y utilizar funciones como el acceso a una zona segura sin necesidad de iniciar sesi\u00f3n repetidas veces y recordar las acciones que se han efectuado en cada p\u00e1gina durante la sesi\u00f3n.<\/p><p>IMPORTANTE: Sin esas cookies no podemos garantizar el rendimiento del sitio web o la seguridad en l\u00ednea durante las sesiones.<\/p><p>\u00a0<\/p><h4>Tipo 2: Cookies de rendimiento<\/h4><p>Utilizamos cookies de rendimiento, espec\u00edficamente las de Google Analytics, con el fin de recopilar informaci\u00f3n sobre el uso de nuestro sitio web por parte de los usuarios. Entre los datos recopilados se encuentran los clics del sitio web, el n\u00famero de p\u00e1ginas web visitadas, la duraci\u00f3n de cada sesi\u00f3n y los mensajes de error, datos que sirven para mejorar el sitio web y ofrecer a los usuarios una experiencia mejor. Para obtener m\u00e1s informaci\u00f3n acerca de Google Analytics, haga clic aqu\u00ed.<\/p><p>Tambi\u00e9n es probable que recopilemos informaci\u00f3n peri\u00f3dicamente acerca de c\u00f3mo utilizan los usuarios el sitio web mediante otras cookies de rendimiento similares a las de Google Analytics. Aunque la informaci\u00f3n recopilada mediante el uso de estas cookies puede incluir la direcci\u00f3n IP del usuario y la informaci\u00f3n de explorador y dominio, esos datos se recopilan y analizan de forma an\u00f3nima y conjunta.<\/p><p>\u00a0<\/p><h4>Para Google adwords:<\/h4><p>Esta p\u00e1gina web tambi\u00e9n utiliza cookies para el seguimiento de conversiones en Google Adwords. La cookie que se a\u00f1ade al equipo de un usuario cuando este ve un anuncio o hace clic en \u00e9l caduca a los 30 d\u00edas. Esta medida y el hecho de que Google utiliza servidores distintos para el seguimiento de conversiones y para los resultados de las b\u00fasquedas, protege la privacidad del usuario. El proveedor de dichas cookies es Google.<\/p><p>Los usuarios que no deseen participar en actividades de seguimiento simplemente pueden no aceptar esta cookie bloqueando las cookies en las preferencias de usuario del navegador de Internet.<\/p><p>\u00a0<\/p><h4>Tipo 3: Cookies de funcionalidad<\/h4><p>Las cookies de funcionalidad nos permiten recordar las elecciones que realizan los usuarios en el sitio web, como el nombre de usuario, el idioma y las preferencias. Esta informaci\u00f3n nos permite proporcionar funciones m\u00e1s personalizadas a nuestros usuarios cuando exploran el sitio web.<\/p><p>\u00a0<\/p><h4>Tipo 4: Cookies publicitarias y personalizadas<\/h4><p>Utilizamos estas cookies en nuestro sitio web para ofrecer anuncios que le resulten de inter\u00e9s. Recopilan y almacenan informaci\u00f3n acerca de las actividades de un usuario en el sitio web como las p\u00e1ginas exploradas, los enlaces y los art\u00edculos que seleccionan los usuarios, los h\u00e1bitos de navegaci\u00f3n, etc., y rastrean los movimientos de los usuarios en los distintos sitios web para que podamos limitar el n\u00famero o evitar la repetici\u00f3n de los anuncios del sitio web y evaluar la efectividad de las campa\u00f1as publicitaras y, as\u00ed, mejorar su experiencia.<\/p><p>Adem\u00e1s, algunas de estas cookies se pueden alojar en el ordenador y pueden ser utilizadas por terceros con fines publicitarios previa autorizaci\u00f3n. Ocurre cuando el sitio web que se visita muestra contenido de un sitio web de terceros o se hace clic en el bot\u00f3n \u201ccompartir\u201d del sitio web y el ordenador recibe las cookies de terceros. Entre los terceros se pueden incluir los proveedores de redes sociales como Facebook y YouTube, y el sitio web de opiniones de consumidores y usuarios sociales Reevoo, los cuales proporcionan servicios a los usuarios y a nosotros. Estas cookies permiten que terceros puedan recopilar y almacenar informaci\u00f3n como las preferencias de usuario y las p\u00e1ginas visitadas con fines publicitarios o para mejorar servicios. Recuerde que no podemos controlar las cookies de terceros y que, por consiguiente, no nos responsabilizamos en ese sentido. Visite los siguientes sitios web de terceros para consultar sus respectivas pol\u00edticas sobre cookies:<\/p><ul><li><a href=\"http:\/\/www.linkedin.com\/legal\/cookie_policy\" target=\"_blank\" rel=\"nofollow noopener\" data-cke-saved-href=\"http:\/\/www.linkedin.com\/legal\/cookie_policy\" data-cke-saved->Linkedin<\/a><\/li><li><a href=\"http:\/\/www.google.es\/intl\/es\/policies\/technologies\/cookies\/\" target=\"_blank\" rel=\"nofollow noopener\" data-cke-saved-href=\"http:\/\/www.google.es\/intl\/es\/policies\/technologies\/cookies\/\" data-cke-saved->Youtube<\/a><\/li><li><a href=\"https:\/\/support.twitter.com\/articles\/20170521-el-uso-que-hace-twitter-de-cookies-y-tecnologias-similares#\" target=\"_blank\" rel=\"nofollow noopener\" data-cke-saved-href=\"https:\/\/support.twitter.com\/articles\/20170521-el-uso-que-hace-twitter-de-cookies-y-tecnologias-similares#\" data-cke-saved->Twitter<\/a><\/li><li><a href=\"https:\/\/www.google.com\/intl\/es_es\/policies\/technologies\/cookies\/\" target=\"_blank\" rel=\"nofollow noopener\" data-cke-saved-href=\"https:\/\/www.google.com\/intl\/es_es\/policies\/technologies\/cookies\/\" data-cke-saved->Google +<\/a><\/li><\/ul><div>\u00a0<\/div><h4>Para Google Remarketing:<\/h4><p>ATHLETIC CLUB utiliza la herramienta de remarketing de Google Adwords. Esta herramienta permite publicar en la Red de contenido de Google anuncios basados en visitas anteriores de usuarios a nuestra web. Para conseguirlo, algunas de las p\u00e1ginas de nuestro sitio web incluyen un c\u00f3digo o etiqueta de remarketing que configuran las cookies para determinar el tipo de anuncio que se mostrar\u00e1 al usuario seg\u00fan la navegaci\u00f3n que haya realizado por el sitio web. Las listas de remarketing se guardan en una base de datos de los servidores de Google, donde se almacenan todos los ID de cookie asociados a cada lista o categor\u00eda de inter\u00e9s. Respecto a las cookies de remarketing, el usuario puede inhabilitar el uso de cookies de Google, visitando la p\u00e1gina de inhabilitaci\u00f3n de publicidad de Google. Dichas cookies son proporcionadas por Google.<\/p><p>\u00a0<\/p><h4>C\u00f3mo evitar el uso de cookies<\/h4><p>Puede evitar el uso de cookies modificando la configuraci\u00f3n del explorador. Si acepta el uso de cookies pero desea activarlo posteriormente, puede eliminar las cookies establecidas y modificar la configuraci\u00f3n de su explorador para bloquearlas en un futuro. Si desea obtener m\u00e1s informaci\u00f3n acerca del control de cookies, visite<\/p><ul><li><a href=\"http:\/\/www.allaboutcookies.org\/\" target=\"_blank\" rel=\"nofollow noopener\" data-cke-saved-href=\"http:\/\/www.allaboutcookies.org\">www.allaboutcookies.org<\/a><\/li><li><a href=\"http:\/\/www.cnil.fr\/\" target=\"_blank\" rel=\"nofollow noopener\" data-cke-saved-href=\"http:\/\/www.cnil.fr\">www.cnil.fr<\/a><\/li><li><a href=\"http:\/\/support.microsoft.com\/\" target=\"_blank\" rel=\"nofollow noopener\" data-cke-saved-href=\"http:\/\/support.microsoft.com\">support.microsoft.com<\/a><\/li><li><a href=\"http:\/\/support.mozilla.org\/\" target=\"_blank\" rel=\"nofollow noopener\" data-cke-saved-href=\"http:\/\/support.mozilla.org\">support.mozilla.org<\/a><\/li><li><a href=\"http:\/\/support.google.com\/\" target=\"_blank\" rel=\"nofollow noopener\" data-cke-saved-href=\"http:\/\/support.google.com\">support.google.com<\/a><\/li><\/ul><div>\u00a0<\/div><p>Estas p\u00e1ginas web ofrecen informaci\u00f3n para configurar la mayor\u00eda de los exploradores.<\/p><p>C\u00f3mo desactivar las cookies an\u00f3nimas de Google Analytics: puede instalar el \u201cplug-in\u201d de Google Analytics en el explorador para evitar que el sitio web env\u00ede informaci\u00f3n de sus visitas a Google Analytics. Para obtener m\u00e1s informaci\u00f3n, visite:<\/p><p><a href=\"https:\/\/policies.google.com\/privacy?hl=es\" target=\"_blank\" rel=\"nofollow noopener\" data-cke-saved-href=\"https:\/\/policies.google.com\/privacy?hl=es\" data-cke-saved->www.google.com\/analytics\/learn\/privacy<\/a><\/p><p>IMPORTANTE: Las cookies se utilizan con el objetivo de mejorar o habilitar la usabilidad y los procesos de nuestro sitio web. El hecho de deshabilitar o eliminar cookies puede impedir que los usuarios puedan utilizar las funciones del sitio web o puede hacer que este funcione en el explorador de un modo distinto al dise\u00f1ado inicialmente.<\/p><h4>Pol\u00edtica de uso; cambios en la pol\u00edtica sobre cookies<\/h4><p>Los t\u00e9rminos de esta Pol\u00edtica sobre cookies regir\u00e1n el uso de cookies y el de cualquier informaci\u00f3n recopilada por el sitio, excepto cuando se trate de cookies de terceros. En la medida que lo permita la legislaci\u00f3n aplicable de su jurisdicci\u00f3n, ATHLETIC CLUB se reserva el derecho de modificar esta Pol\u00edtica sobre cookies en cualquier momento y por ello le aconsejamos que visite el sitio web regularmente para comprobar las actualizaciones. Las modificaciones de esta Pol\u00edtica sobre cookies son efectivas una vez publicadas en el sitio web.<\/p>\t\t\t\t\t\t\t\t<\/div>\n\t\t\t\t<\/div>\n\t\t\t\t<\/div>\n\t\t\t\t\t<\/div>\n\t\t\t\t<\/div>\n\t\t\t\t<\/div>\n\t\t","protected":false},"excerpt":{"rendered":"<p>Pol\u00edtica de Cookies Las cookies son peque\u00f1os archivos que normalmente contienen letras y n\u00fameros y que se descargan en un dispositivo cada vez que los usuarios acceden a un sitio web. Se utilizan de forma extensiva con el objetivo de conseguir que los sitios web funcionen con mayor eficacia. Las cookies se crean cada vez [&hellip;]<\/p>\n","protected":false},"author":1,"featured_media":0,"parent":0,"menu_order":0,"comment_status":"closed","ping_status":"closed","template":"","meta":{"footnotes":""},"class_list":["post-2979","page","type-page","status-publish","hentry"],"_links":{"self":[{"href":"https:\/\/nut.secture-test.com\/eu\/wp-json\/wp\/v2\/pages\/2979","targetHints":{"allow":["GET"]}}],"collection":[{"href":"https:\/\/nut.secture-test.com\/eu\/wp-json\/wp\/v2\/pages"}],"about":[{"href":"https:\/\/nut.secture-test.com\/eu\/wp-json\/wp\/v2\/types\/page"}],"author":[{"embeddable":true,"href":"https:\/\/nut.secture-test.com\/eu\/wp-json\/wp\/v2\/users\/1"}],"replies":[{"embeddable":true,"href":"https:\/\/nut.secture-test.com\/eu\/wp-json\/wp\/v2\/comments?post=2979"}],"version-history":[{"count":13,"href":"https:\/\/nut.secture-test.com\/eu\/wp-json\/wp\/v2\/pages\/2979\/revisions"}],"predecessor-version":[{"id":3033,"href":"https:\/\/nut.secture-test.com\/eu\/wp-json\/wp\/v2\/pages\/2979\/revisions\/3033"}],"wp:attachment":[{"href":"https:\/\/nut.secture-test.com\/eu\/wp-json\/wp\/v2\/media?parent=2979"}],"curies":[{"name":"wp","href":"https:\/\/api.w.org\/{rel}","templated":true}]}}