{"id":2965,"date":"2026-03-24T11:46:23","date_gmt":"2026-03-24T11:46:23","guid":{"rendered":"https:\/\/nut.secture-test.com\/?page_id=2965"},"modified":"2026-03-24T12:18:59","modified_gmt":"2026-03-24T12:18:59","slug":"aviso-legal","status":"publish","type":"page","link":"https:\/\/nut.secture-test.com\/eu\/aviso-legal\/","title":{"rendered":"Aviso legal"},"content":{"rendered":"\t\t<div data-elementor-type=\"wp-page\" data-elementor-id=\"2965\" class=\"elementor elementor-2965\" data-elementor-post-type=\"page\">\n\t\t\t\t<div class=\"elementor-element elementor-element-20a61fb e-flex e-con-boxed e-con e-parent\" data-id=\"20a61fb\" data-element_type=\"container\" data-e-type=\"container\" data-settings=\"{&quot;background_background&quot;:&quot;classic&quot;,&quot;shape_divider_top&quot;:&quot;tilt&quot;,&quot;shape_divider_bottom&quot;:&quot;tilt&quot;,&quot;jet_parallax_layout_list&quot;:[]}\">\n\t\t\t\t\t<div class=\"e-con-inner\">\n\t\t\t\t<div class=\"elementor-shape elementor-shape-top\" aria-hidden=\"true\" data-negative=\"false\">\n\t\t\t<svg xmlns=\"http:\/\/www.w3.org\/2000\/svg\" viewBox=\"0 0 1000 100\" preserveAspectRatio=\"none\">\n\t<path class=\"elementor-shape-fill\" d=\"M0,6V0h1000v100L0,6z\"\/>\n<\/svg>\t\t<\/div>\n\t\t\t\t<div class=\"elementor-shape elementor-shape-bottom\" aria-hidden=\"true\" data-negative=\"false\">\n\t\t\t<svg xmlns=\"http:\/\/www.w3.org\/2000\/svg\" viewBox=\"0 0 1000 100\" preserveAspectRatio=\"none\">\n\t<path class=\"elementor-shape-fill\" d=\"M0,6V0h1000v100L0,6z\"\/>\n<\/svg>\t\t<\/div>\n\t\t<div class=\"elementor-element elementor-element-a61fd28 e-con-full e-flex e-con e-child\" data-id=\"a61fd28\" data-element_type=\"container\" data-e-type=\"container\" data-settings=\"{&quot;jet_parallax_layout_list&quot;:[]}\">\n\t\t<div class=\"elementor-element elementor-element-adb2142 e-con-full e-flex e-con e-child\" data-id=\"adb2142\" data-element_type=\"container\" data-e-type=\"container\" data-settings=\"{&quot;jet_parallax_layout_list&quot;:[],&quot;sticky&quot;:&quot;top&quot;,&quot;sticky_parent&quot;:&quot;yes&quot;,&quot;sticky_on&quot;:[&quot;desktop&quot;,&quot;tablet&quot;,&quot;mobile&quot;],&quot;sticky_offset&quot;:0,&quot;sticky_effects_offset&quot;:0,&quot;sticky_anchor_link_offset&quot;:0}\">\n\t\t\t\t<div class=\"elementor-element elementor-element-d6ff2d4 elementor-widget__width-initial elementor-widget elementor-widget-heading\" data-id=\"d6ff2d4\" data-element_type=\"widget\" data-e-type=\"widget\" data-settings=\"{&quot;sticky&quot;:&quot;top&quot;,&quot;sticky_parent&quot;:&quot;yes&quot;,&quot;sticky_on&quot;:[&quot;desktop&quot;,&quot;tablet&quot;,&quot;mobile&quot;],&quot;sticky_offset&quot;:0,&quot;sticky_effects_offset&quot;:0,&quot;sticky_anchor_link_offset&quot;:0}\" data-widget_type=\"heading.default\">\n\t\t\t\t\t<h2 class=\"elementor-heading-title elementor-size-default\">Aviso Legal\n<\/h2>\t\t\t\t<\/div>\n\t\t\t\t<div class=\"elementor-element elementor-element-7e440f7 elementor-widget__width-initial elementor-widget elementor-widget-text-editor\" data-id=\"7e440f7\" data-element_type=\"widget\" data-e-type=\"widget\" data-widget_type=\"text-editor.default\">\n\t\t\t\t\t\t\t\t\t<p>El presente aviso legal (en adelante, el \u201c<strong>Aviso Legal<\/strong>\u201d) regula el uso del sitio web nutrition.athletic-club.eus (en adelante, el \u201c<strong>Sitio Web<\/strong>\u201d) por los sujetos que acceden a la misma (en adelante, los \u201c<strong>Usuarios<\/strong>\u201d).&nbsp;<\/p><p><br><\/p>\n<h2><strong>Titularidad del Sitio Web<\/strong>.<\/h2>\n<ol>\n<li>El titular del Sitio Web es LIPIWELL S.L. (en adelante, \u201c<strong>LIPIWELL<\/strong>\u201d), con sede en Astondo Bidea 609, 48160 Derio (Vizcaya) C.I.F. n\u00famero B55405674, direcci\u00f3n de correo electr\u00f3nico de contacto&nbsp;<a href=\"mailto:info@lipiwell.com\">info@lipiwell.com<\/a>&nbsp;y tel\u00e9fono +34 94 657 40 00.&nbsp;<\/li>\n<li>La informaci\u00f3n contenida en el Sitio Web hace referencia a los servicios ofrecidos por LIPIWELL a los sujetos Usuarios, de conformidad con la normativa que rige en Espa\u00f1a.&nbsp;<\/li>\n<\/ol><div><br><\/div>\n<h2><strong>Condiciones generales.<\/strong>&nbsp;<\/h2>\n<ol>\n<li>Este Aviso Legal regula el acceso y uso del Sitio Web por parte de los Usuarios y ser\u00e1 complementado con cualesquiera otros textos legales que regulen cualquier funcionalidad, servicio, proceso, aplicaci\u00f3n, plataforma o medios necesarios para el uso del Sitio Web o los servicios descritos.&nbsp;<\/li>\n<li>Al acceder a este Sitio Web, el Usuario acepta este Aviso Legal, as\u00ed como las diferentes modificaciones y\/o textos legales, y declara y garantiza que la legislaci\u00f3n y la normativa aplicable le permiten acceder al Sitio Web y que llevar\u00e1 a cabo un uso correcto del Sitio Web de conformidad con las leyes, la buena fe, el orden p\u00fablico, los usos del tr\u00e1fico y el presente Aviso Legal. El Usuario responder\u00e1 frente a LIPIWELL o frente a terceros, de cualesquiera da\u00f1os y perjuicios que pudieran causarse como consecuencia del incumplimiento de dicha obligaci\u00f3n.&nbsp;<\/li>\n<li>A efectos de este Sitio Web, se entiende por Usuario cualquier persona f\u00edsica o jur\u00eddica que acceda y navegue por el Sitio Web. La condici\u00f3n de Usuario implica la aceptaci\u00f3n plena y sin reservas de todas y cada una de las disposiciones incluidas en este Aviso Legal, que pueden sufrir modificaciones. El acceso al Sitio Web supone que el Usuario acepta que dicha informaci\u00f3n se aplique a todo acceso posterior a este Sitio Web y que dichos accesos posteriores queden sujetos a las renuncias, advertencias sobre riesgos y otra informaci\u00f3n aqu\u00ed incluidas.&nbsp;<\/li>\n<li>El presente Aviso Legal puede ser modificado en cualquier momento para adaptarse a cambios legislativos, novedades jurisprudenciales o pr\u00e1cticas del sector. Dichas modificaciones ser\u00e1n publicadas en el Sitio Web y se considerar\u00e1n notificadas desde el momento de su publicaci\u00f3n. Es responsabilidad del Usuario revisar peri\u00f3dicamente este Aviso Legal para estar al tanto de posibles cambios. El uso continuado del Sitio Web tras la publicaci\u00f3n de cualquier modificaci\u00f3n implica su aceptaci\u00f3n.&nbsp;<\/li>\n<li>En el caso de traducci\u00f3n de este Aviso Legal, nuestra Pol\u00edtica de privacidad, o cualquiera otra informaci\u00f3n legal que pudiera publicarse en este Sitio Web, prevalecer\u00e1 la versi\u00f3n en castellano en el caso de que exista discrepancia entre la versi\u00f3n en castellano y una versi\u00f3n traducida. La versi\u00f3n en castellano ser\u00e1 la referencia principal y la que se aplicar\u00e1 en todos los casos de conflicto o interpretaci\u00f3n.&nbsp;<\/li>\n<li>En este Sitio Web utilizamos el protocolo HTTPS (SSL) para establecer un canal seguro de comunicaci\u00f3n entre el servidor y el usuario para el env\u00edo de sus datos personales. La prestaci\u00f3n de este servicio a trav\u00e9s de un servidor seguro supone garantizar la confidencialidad de la informaci\u00f3n que se intercambia entre el ordenador del usuario y dicho servidor, ya que entre ambos se establece una conexi\u00f3n cifrada, utilizando el protocolo SSL, que imposibilita el acceso de terceros a la informaci\u00f3n enviada.&nbsp;<\/li>\n<li>Los usuarios pueden acceder a las pol\u00edticas de baja, desistimiento y cancelaci\u00f3n de suscripciones en Termino de uso y condiciones generales.&nbsp;<\/li>\n<\/ol><div><br><\/div>\n<h2><strong>Propiedad industrial e intelectual<\/strong>.&nbsp;<\/h2>\n<ol>\n<li>Todos los derechos de propiedad industrial e intelectual sobre la informaci\u00f3n, textos, datos, gr\u00e1ficos, fotograf\u00edas, dise\u00f1os, software, marcas, nombres comerciales, signos y otros contenidos del Sitio Web son propiedad de LIPIWELL o de sus licenciantes. Por lo tanto, queda prohibida su utilizaci\u00f3n, reproducci\u00f3n, transmisi\u00f3n, transformaci\u00f3n, modificaci\u00f3n, distribuci\u00f3n, publicaci\u00f3n, o explotaci\u00f3n de cualquier modo por parte del Usuario, salvo como parte del servicio del Sitio Web de conformidad con el Aviso Legal.&nbsp;<\/li>\n<li>El Usuario reconoce y acepta que la utilizaci\u00f3n del Sitio Web no supone la transmisi\u00f3n de ning\u00fan derecho de propiedad industrial o intelectual, tales como derechos de autor, marcas, nombres de dominio, dise\u00f1os, patentes, modelos de utilidad,&nbsp;<em>know-how&nbsp;<\/em>u otros derechos sobre el Sitio Web. Tampoco constituye autorizaci\u00f3n alguna para la creaci\u00f3n de desarrollos derivados del Sitio Web.&nbsp;&nbsp;<\/li>\n<li>En definitiva, los Usuarios que accedan al Sitio Web pueden visualizar los contenidos y efectuar, en su caso, copias privadas autorizadas siempre que los elementos reproducidos no sean cedidos posteriormente a terceros, ni se instalen a servidores conectados a redes, ni sean objeto de ning\u00fan tipo de explotaci\u00f3n.&nbsp;<\/li>\n<li>La distribuci\u00f3n, modificaci\u00f3n, cesi\u00f3n o comunicaci\u00f3n p\u00fablica de los contenidos y cualquier otro acto que no haya sido expresamente autorizado quedan prohibidos.&nbsp;<\/li>\n<li>En cualquier momento y por cualquier motivo, LIPIWELL podr\u00e1 rescindir el derecho del Usuario a usar la totalidad o cualquier parte del Sitio Web. El Usuario no podr\u00e1 infringir ni intentar infringir la seguridad del Sitio Web.&nbsp;<\/li>\n<li>Por razones de seguridad, no est\u00e1 permitido utilizar \u201cframes\u201d o mecanismos que alteren o var\u00eden el dise\u00f1o, configuraci\u00f3n original o contenidos del Sitio Web.&nbsp;<\/li>\n<li>LIPIWELL se reserva el derecho a ejercitar las acciones que considere oportunas contra quienes infrinjan cualquiera de los derechos descritos en este apartado.&nbsp;<\/li>\n<\/ol><div><br><\/div>\n<h2><strong>Condiciones de acceso y uso<\/strong>.<strong>&nbsp;<\/strong>&nbsp;<\/h2>\n<ol>\n<li>El Sitio Web es de acceso libre y gratuito, de acuerdo con las siguientes condiciones de acceso y uso.&nbsp;<\/li>\n<li>El Usuario garantiza la autenticidad y actualidad de todos aquellos datos que comunique a LIPIWELL y ser\u00e1 el \u00fanico responsable de las manifestaciones falsas o inexactas que realice.&nbsp;&nbsp;<\/li>\n<li>El Usuario se compromete expresamente a hacer un uso adecuado de los contenidos y servicios de LIPIWELL y del Sitio Web y, en particular, a no emplearlos ni distribuir informaci\u00f3n a trav\u00e9s del Sitio Web para:\n<ul>\n<li>Difundir contenidos, delictivos, violentos, pornogr\u00e1ficos, racistas, xen\u00f3fobos, ofensivos, de apolog\u00eda del terrorismo o, en general, contrarios a la ley en vigor, a la moral a las costumbres o al orden p\u00fablico.&nbsp;<\/li>\n<li>Transmitir o introducir en la red virus inform\u00e1ticos o cualquier otro componente da\u00f1ino que perjudique, limite o da\u00f1e el Sitio Web o cualquier red conectada o que interfiera con el uso por otros Usuarios, as\u00ed como realizar actuaciones susceptibles de alterar, copiar, estropear, interrumpir, modificar, descompilar, desensamblar, realizar ingenier\u00eda inversa, o generar errores o da\u00f1os en los documentos electr\u00f3nicos, datos o sistemas f\u00edsicos y l\u00f3gicos de LIPIWELL o de terceras personas; as\u00ed como otorgar licencias, arrendar, vender, imitar u obstaculizar el acceso de otros Usuarios al Sitio Web y a sus Servicios.&nbsp;<\/li>\n<li>Intentar acceder a las cuentas de correo electr\u00f3nico de otros Usuarios o a \u00e1reas restringidas de los sistemas inform\u00e1ticos de LIPIWELL o de terceros y, en su caso, extraer informaci\u00f3n.&nbsp;<\/li>\n<li>Vulnerar los derechos de propiedad industrial o intelectual (derechos de autor, nombres de dominio, marcas, etc.), as\u00ed como violar la confidencialidad de la informaci\u00f3n de LIPIWELL o de terceros y los derechos de protecci\u00f3n de datos personales.&nbsp;<\/li>\n<li>Suplantar la identidad de otro Usuario, de las administraciones p\u00fablicas o de un tercero.&nbsp;<\/li>\n<li>Reproducir, copiar, distribuir, poner a disposici\u00f3n o de cualquier otra forma comunicar p\u00fablicamente, transformar o modificar los contenidos, a menos que se cuente con la autorizaci\u00f3n del titular de los correspondientes derechos o ello resulte legalmente permitido.&nbsp;<\/li>\n<li>Recabar datos con finalidad publicitaria y de remitir publicidad de cualquier clase y comunicaciones con fines de venta u otras de naturaleza comercial sin que medie su previa solicitud o consentimiento.&nbsp;<\/li>\n<li>Utilizar el Sitio Web, o una parte, en otros sitios web privados o comerciales, as\u00ed como hacer un uso comercial del Sitio Web; o establecer hiperenlaces o hiperv\u00ednculos al Sitio Web ni a ninguno de sus contenidos (salvo autorizaci\u00f3n expresa y por escrito de LIPIWELL), absteni\u00e9ndose de realizar manifestaciones o indicaciones falsas, inexactas o incorrectas sobre LIPIWELL, o incluir contenidos il\u00edcitos, contrarios a las buenas costumbres y al orden p\u00fablico.&nbsp;<\/li>\n<li>Cualesquiera otras actividades contrarias a la ley en vigor, al presente Aviso Legal, a la moral, las buenas costumbres o al orden p\u00fablico establecido, o con fines il\u00edcitos, prohibidos o lesivos de derechos e intereses de LIPIWELL o de terceros.&nbsp;&nbsp;<\/li>\n<\/ul>\n<\/li>\n<li>LIPIWELL se reserva el derecho a bloquear el acceso a ciertos Servicios del Sitio Web a cualquier Usuario en caso de que infrinja el Aviso Legal, los derechos de terceros o la legislaci\u00f3n aplicable.<\/li>\n<li>Los servicios de suscripci\u00f3n ofrecidos en este Sitio Web est\u00e1n destinados exclusivamente a personas mayores de edad. Al suscribirse a nuestros servicios, el Usuario declara y garantiza que es mayor de edad. Si el Usuario es menor de edad, no debe proceder con la suscripci\u00f3n sin el consentimiento de sus padres o tutores legales.&nbsp;<\/li>\n<li>El titular del Sitio Web se reserva el derecho de solicitar una prueba de edad en cualquier momento para verificar el cumplimiento de esta restricci\u00f3n. En caso de que se descubra que un Usuario menor de edad ha proporcionado informaci\u00f3n personal para suscribirse sin el consentimiento adecuado, dicha suscripci\u00f3n ser\u00e1 cancelada de inmediato y la informaci\u00f3n personal ser\u00e1 eliminada.&nbsp;<\/li>\n<\/ol><div><br><\/div>\n<h2><strong>Servicio y garant\u00edas. Sitios enlazados<\/strong>.&nbsp;<\/h2>\n<h3>Exclusiones.&nbsp;<\/h3>\n<ol>\n<li>LIPIWELL har\u00e1 todo lo razonable para procurar el correcto funcionamiento del Sitio Web. Sin embargo, LIPIWELL no puede asegurar la disponibilidad del Sitio Web ni la ausencia de interrupciones del servicio con la finalidad de realizar tareas de reparaci\u00f3n y\/o mantenimiento del Sitio Web o de falta de cobertura o fallos en los equipos y\/o de las redes necesarias para la transmisi\u00f3n de datos, que son ajenas a su control. LIPIWELL tomar\u00e1 las medidas adecuadas para reducir dichas interrupciones.&nbsp;<\/li>\n<li>Aunque LIPIWELL har\u00e1 todo lo razonable para que la informaci\u00f3n contenida en el Sitio Web sea precisa, correcta y est\u00e9 actualizada, debe considerarse que dicha informaci\u00f3n solo tiene car\u00e1cter general y una finalidad meramente informativa y enunciativa. En este sentido, LIPIWELL no garantiza la exhaustividad, idoneidad, precisi\u00f3n, oportunidad, vigencia o integridad de esta informaci\u00f3n y no acepta ninguna responsabilidad derivada.&nbsp;&nbsp;<\/li>\n<li>Asimismo, LIPIWELL se reserva el derecho a corregir, mejorar o modificar el Sitio Web y la informaci\u00f3n contenida, cuando lo estime conveniente y sin preaviso, as\u00ed como a suspender el acceso a este para llevar a cabo acciones de mantenimiento o mejoras, no siendo responsable de la exactitud, insuficiencia o autenticidad de la informaci\u00f3n suministrada.&nbsp;&nbsp;<\/li>\n<li>LIPIWELL excluye, en la medida permitida por la legislaci\u00f3n aplicable, cualquier responsabilidad por los da\u00f1os y perjuicios de toda naturaleza derivados de:\n<\/li><ul>\n<li>La imposibilidad de acceso al Sitio Web o la falta de veracidad, exactitud, exhaustividad y\/o actualidad de los contenidos, as\u00ed como la existencia de vicios y defectos de toda clase de los contenidos transmitidos, difundidos, almacenados, puestos a disposici\u00f3n a los que se haya accedido a trav\u00e9s del Sitio Web o de los servicios ofrecidos.&nbsp;<\/li>\n<li>La presencia de virus o de otros elementos en los contenidos que puedan producir alteraciones en los sistemas inform\u00e1ticos, documentos electr\u00f3nicos o datos de los Usuarios.&nbsp;<\/li>\n<li>El incumplimiento de las leyes, la buena fe, el orden p\u00fablico, los usos del tr\u00e1fico y el presente Aviso Legal como consecuencia del uso incorrecto del Sitio Web. En particular, LIPIWELL no se hace responsable de las actuaciones de terceros que vulneren derechos de propiedad industrial o intelectual, secretos empresariales, derechos al honor, a la intimidad personal y familiar y a la propia imagen, as\u00ed como la normativa en materia de competencia desleal, protecci\u00f3n de datos y publicidad il\u00edcita.<\/li>\n<\/ul>\n\n<\/ol><div><br><\/div>\n<h3>Garant\u00eda de LIPIWELL.&nbsp;<\/h3>\n<ol>\n<li>El Sitio Web se presenta como est\u00e1 y LIPIWELL no garantiza que los servicios se proporcionen de forma ininterrumpida y sin errores, ni garantizan los resultados obtenidos del uso del Sitio Web o los servicios prestados a trav\u00e9s de este.&nbsp;<\/li>\n<li>LIPIWELL presta el servicio sin garant\u00edas de ning\u00fan tipo, ni expresas ni impl\u00edcitas, incluidas, entre otras, las garant\u00edas de titularidad o garant\u00edas impl\u00edcitas sobre la calidad o idoneidad satisfactorias para una finalidad determinada o de otro tipo, excepto aquellas garant\u00edas impl\u00edcitas y que no puedan ser excluidas, restringidas ni modificadas en virtud de la legislaci\u00f3n aplicable.&nbsp;<\/li>\n<li>El Sitio Web no controla, con car\u00e1cter general, la utilizaci\u00f3n que los Usuarios hacen del Sitio Web. En particular, LIPIWELL no garantiza bajo ning\u00fan extremo que los Usuarios utilicen el Sitio Web de conformidad con la ley, el presente Aviso Legal, la moral, las buenas costumbres generalmente aceptadas y el orden p\u00fablico, ni tampoco que lo hagan de forma diligente y prudente.&nbsp;&nbsp;<\/li>\n<li>Todas las condiciones, garant\u00edas o manifestaciones que no se indiquen expresamente en este Aviso Legal quedan excluidas en la medida permitida por la legislaci\u00f3n aplicable.&nbsp;<\/li>\n<\/ol><div><br><\/div>\n<h3>Garant\u00edas del Usuario.&nbsp;<\/h3>\n<ol>\n<li>El Usuario utiliza el Sitio Web por su propia cuenta y riesgo. Mediante su acceso al Sitio Web, el Usuario se obliga a utilizarlo de conformidad con la legislaci\u00f3n y normativa aplicable y a aceptar este Aviso Legal y todas sus condiciones. El Usuario ser\u00e1 el \u00fanico responsable frente a LIPIWELL y\/o frente a terceros de cualquier da\u00f1o o perjuicio que pudiera causarse como consecuencia del incumplimiento de dicha obligaci\u00f3n. En este sentido, LIPIWELL no se hace responsable de ning\u00fan da\u00f1o o alteraci\u00f3n en los equipos del Usuario como resultado del uso del Sitio Web y queda eximido de cualquier responsabilidad.&nbsp;&nbsp;<\/li>\n<\/ol><div><br><\/div>\n<h3>Sitios enlazados.&nbsp;<\/h3>\n<ol>\n<li>Este Sitio Web puede contener enlaces a otros sitios web e incorporar informaci\u00f3n y\/o servicios obtenidos de terceros, con objeto de facilitar el acceso del Usuario a la informaci\u00f3n de empresas colaboradoras o patrocinadoras. LIPIWELL declina cualquier responsabilidad respecto a la informaci\u00f3n contenida en estos enlaces externos que se halle fuera de este Sitio Web y no sea gestionada directamente por LIPIWELL.&nbsp;&nbsp;<\/li>\n<li>El Usuario entiende que estos otros sitios web son independientes del Sitio Web y que LIPIWELL no ejerce control alguno, no se responsabiliza de su contenido, su funcionamiento o de la transmisi\u00f3n recibida por parte de dichos terceros y no asumir\u00e1 ninguna responsabilidad sobre cualquier p\u00e9rdida o da\u00f1o en relaci\u00f3n con el uso o la dependencia del contenido, los bienes o los servicios disponibles en dicho sitio o recurso. La \u00fanica funci\u00f3n de esos enlaces es a efectos informativos, para la comodidad del Usuario, siendo responsabilidad del mismo leer y aceptar los t\u00e9rminos de uso y pol\u00edticas de privacidad y cookies publicados en los sitios web o aplicaciones vinculados referidos.&nbsp;<\/li>\n<\/ol><div><br><\/div>\n<h2><strong>Protecci\u00f3n de datos y cookies<\/strong>.&nbsp;<\/h2>\n<ol>\n<li>LIPIWELL est\u00e1 comprometida con la protecci\u00f3n de los datos de car\u00e1cter personal de sus Usuarios y, por ello, \u00fanicamente los usar\u00e1 de conformidad con lo establecido en la Pol\u00edtica de Privacidad disponible a en el siguiente hiperenlace: https:\/\/nutrition.athletic-club.eus\/es\/aviso-legal.&nbsp;&nbsp;<\/li>\n<li>Este Sitio Web utiliza cookies para gestionar la navegaci\u00f3n y otras funciones del Sitio Web. Los Usuarios encontrar\u00e1n informaci\u00f3n en relaci\u00f3n con la utilizaci\u00f3n de cookies propios y de terceros en la Pol\u00edtica de Cookies del Sitio Web disponible en el siguiente hiperenlace: https:\/\/nutrition.athletic-club.eus\/es\/politica-de-cookies.&nbsp;&nbsp;<\/li>\n<\/ol><div><br><\/div>\n<h2><strong>Disposiciones generales<\/strong>.&nbsp;<\/h2>\n<h3>Invalidez de cl\u00e1usula.&nbsp;<\/h3>\n<ol>\n<li>Si cualquier disposici\u00f3n o condici\u00f3n de este Aviso Legal llegara a ser o fuera declarada ilegal, inv\u00e1lida o no ejecutable, por cualquier motivo, dicha condici\u00f3n o disposici\u00f3n se considerar\u00e1 eliminada sin perjuicio de la aplicabilidad del resto de disposiciones de este Aviso Legal.&nbsp;<\/li>\n<\/ol><div><br><\/div>\n<h3>Modificaciones.<\/h3>\n<ol>\n<li>LIPIWELL se reserva el derecho de modificar o actualizar la informaci\u00f3n aqu\u00ed contenida en el Aviso Legal, en cualquier momento, cuando lo estime conveniente y sin preaviso, no siendo responsable de la exactitud, insuficiencia o autenticidad de la informaci\u00f3n suministrada.&nbsp;<\/li>\n<li>LIPIWELL publicar\u00e1 en el Sitio Web la nueva versi\u00f3n del Aviso Legal cada vez que cambie. El Usuario ser\u00e1 informado, una vez acceda de nuevo al Sitio Web, sobre cualquier cambio en los t\u00e9rminos del presente Aviso Legal.&nbsp;&nbsp;<\/li>\n<\/ol><div><br><\/div>\n<h3>Jurisdicci\u00f3n y ley aplicable.<strong>&nbsp;<\/strong>&nbsp;<\/h3>\n<ol>\n<li>El Aviso Legal se rige por la legislaci\u00f3n com\u00fan espa\u00f1ola.&nbsp;<\/li>\n<li>Cualquier controversia que pueda surgir a ra\u00edz del uso del Sitio Web o del Aviso Legal, se someter\u00e1 a los tribunales competentes de la ciudad de Bilbao y, en el caso de que se trate de un Usuario que act\u00fae en su condici\u00f3n de consumidor, al tribunal del domicilio que corresponda al Usuario\/consumidor.&nbsp;<\/li>\n<\/ol>\t\t\t\t\t\t\t\t<\/div>\n\t\t\t\t<\/div>\n\t\t\t\t<\/div>\n\t\t\t\t\t<\/div>\n\t\t\t\t<\/div>\n\t\t\t\t<\/div>\n\t\t","protected":false},"excerpt":{"rendered":"<p>Aviso Legal El presente aviso legal (en adelante, el \u201cAviso Legal\u201d) regula el uso del sitio web nutrition.athletic-club.eus (en adelante, el \u201cSitio Web\u201d) por los sujetos que acceden a la misma (en adelante, los \u201cUsuarios\u201d).&nbsp; Titularidad del Sitio Web. El titular del Sitio Web es LIPIWELL S.L. (en adelante, \u201cLIPIWELL\u201d), con sede en Astondo Bidea [&hellip;]<\/p>\n","protected":false},"author":1,"featured_media":0,"parent":0,"menu_order":0,"comment_status":"closed","ping_status":"closed","template":"","meta":{"footnotes":""},"class_list":["post-2965","page","type-page","status-publish","hentry"],"_links":{"self":[{"href":"https:\/\/nut.secture-test.com\/eu\/wp-json\/wp\/v2\/pages\/2965","targetHints":{"allow":["GET"]}}],"collection":[{"href":"https:\/\/nut.secture-test.com\/eu\/wp-json\/wp\/v2\/pages"}],"about":[{"href":"https:\/\/nut.secture-test.com\/eu\/wp-json\/wp\/v2\/types\/page"}],"author":[{"embeddable":true,"href":"https:\/\/nut.secture-test.com\/eu\/wp-json\/wp\/v2\/users\/1"}],"replies":[{"embeddable":true,"href":"https:\/\/nut.secture-test.com\/eu\/wp-json\/wp\/v2\/comments?post=2965"}],"version-history":[{"count":22,"href":"https:\/\/nut.secture-test.com\/eu\/wp-json\/wp\/v2\/pages\/2965\/revisions"}],"predecessor-version":[{"id":3036,"href":"https:\/\/nut.secture-test.com\/eu\/wp-json\/wp\/v2\/pages\/2965\/revisions\/3036"}],"wp:attachment":[{"href":"https:\/\/nut.secture-test.com\/eu\/wp-json\/wp\/v2\/media?parent=2965"}],"curies":[{"name":"wp","href":"https:\/\/api.w.org\/{rel}","templated":true}]}}